{"id":199,"date":"2024-09-29T07:41:10","date_gmt":"2024-09-29T07:41:10","guid":{"rendered":"https:\/\/rm-wein.ch\/?page_id=199"},"modified":"2024-09-29T07:44:01","modified_gmt":"2024-09-29T07:44:01","slug":"gaumen","status":"publish","type":"page","link":"https:\/\/rm-wein.ch\/?page_id=199","title":{"rendered":"Gaumen"},"content":{"rendered":"\n<p>Liesst man Verkostungsnotizen, k\u00f6nnte man meinen, dass die Aromatik des Weines das Wichtigste ist. Nicht ganz richtig: Der Profi bewertet einen Wein vor allem auch am Gaumen. Wie das ganz zuverl\u00e4ssig funktioniert, erfahren sie hier.<\/p>\n\n\n\n<p><strong>Bisherige Annahme<\/strong>: Die Zunge ist an der Spitze f\u00fcr S\u00fcsse empfindlich, an den R\u00e4nder f\u00fcr Sauer und salzig und hinten f\u00fcr Bitterkeit.<\/p>\n\n\n\n<p>Neue Erkenntnis: Die neuste Forschung geht vom so genannten \u00abGeschmackskontinuum\u00bb aus. Das heisst die Rezeptoren f\u00fcr die verschiedenen Sinnesempfindungen sind auf der Zunge relativ einheitlich verteilt. Wir nehmen die verschiedenen Geschm\u00e4cker zudem mit denselben Zellen auf den Geschmacksknospen wahr. Unterschiedlich sind bloss die Signale, welche an das Hirn weitergegeben werden. Ein Botenstoff \u00fcbermittelt beispielsweise \u00abs\u00fcsse\u00bb, ein anderer \u00abbitter\u00bb, ein dritter \u00absauer\u00bb.<\/p>\n\n\n\n<figure class=\"wp-block-image size-full\"><img loading=\"lazy\" decoding=\"async\" width=\"1004\" height=\"426\" src=\"https:\/\/rm-wein.ch\/wp-content\/uploads\/2024\/09\/image-133.png\" alt=\"\" class=\"wp-image-200\" srcset=\"https:\/\/rm-wein.ch\/wp-content\/uploads\/2024\/09\/image-133.png 1004w, https:\/\/rm-wein.ch\/wp-content\/uploads\/2024\/09\/image-133-300x127.png 300w, https:\/\/rm-wein.ch\/wp-content\/uploads\/2024\/09\/image-133-768x326.png 768w\" sizes=\"auto, (max-width: 1004px) 100vw, 1004px\" \/><\/figure>\n\n\n\n<p><\/p>\n\n\n\n<h2 class=\"wp-block-heading has-medium-font-size\"><strong>S\u00fcsse<\/strong><\/h2>\n\n\n\n<figure class=\"wp-block-image size-full\"><img loading=\"lazy\" decoding=\"async\" width=\"1004\" height=\"812\" src=\"https:\/\/rm-wein.ch\/wp-content\/uploads\/2024\/09\/image-134.png\" alt=\"\" class=\"wp-image-201\" srcset=\"https:\/\/rm-wein.ch\/wp-content\/uploads\/2024\/09\/image-134.png 1004w, https:\/\/rm-wein.ch\/wp-content\/uploads\/2024\/09\/image-134-300x243.png 300w, https:\/\/rm-wein.ch\/wp-content\/uploads\/2024\/09\/image-134-768x621.png 768w\" sizes=\"auto, (max-width: 1004px) 100vw, 1004px\" \/><\/figure>\n\n\n\n<p><\/p>\n\n\n\n<h2 class=\"wp-block-heading has-medium-font-size\"><strong>S\u00e4ure<\/strong><\/h2>\n\n\n\n<p>Wir unterscheiden zwischen niedrig, mittel und hoch:<\/p>\n\n\n\n<figure class=\"wp-block-image size-full\"><img loading=\"lazy\" decoding=\"async\" width=\"1004\" height=\"616\" src=\"https:\/\/rm-wein.ch\/wp-content\/uploads\/2024\/09\/image-135.png\" alt=\"\" class=\"wp-image-202\" srcset=\"https:\/\/rm-wein.ch\/wp-content\/uploads\/2024\/09\/image-135.png 1004w, https:\/\/rm-wein.ch\/wp-content\/uploads\/2024\/09\/image-135-300x184.png 300w, https:\/\/rm-wein.ch\/wp-content\/uploads\/2024\/09\/image-135-768x471.png 768w\" sizes=\"auto, (max-width: 1004px) 100vw, 1004px\" \/><\/figure>\n\n\n\n<h2 class=\"wp-block-heading has-medium-font-size\"><strong>Tanine<\/strong><\/h2>\n\n\n\n<figure class=\"wp-block-image size-full\"><img loading=\"lazy\" decoding=\"async\" width=\"1004\" height=\"470\" src=\"https:\/\/rm-wein.ch\/wp-content\/uploads\/2024\/09\/image-136.png\" alt=\"\" class=\"wp-image-203\" srcset=\"https:\/\/rm-wein.ch\/wp-content\/uploads\/2024\/09\/image-136.png 1004w, https:\/\/rm-wein.ch\/wp-content\/uploads\/2024\/09\/image-136-300x140.png 300w, https:\/\/rm-wein.ch\/wp-content\/uploads\/2024\/09\/image-136-768x360.png 768w\" sizes=\"auto, (max-width: 1004px) 100vw, 1004px\" \/><\/figure>\n\n\n\n<p><\/p>\n\n\n\n<h2 class=\"wp-block-heading has-medium-font-size\"><strong>Alkohol<\/strong><\/h2>\n\n\n\n<figure class=\"wp-block-image size-full\"><img loading=\"lazy\" decoding=\"async\" width=\"1004\" height=\"503\" src=\"https:\/\/rm-wein.ch\/wp-content\/uploads\/2024\/09\/image-137.png\" alt=\"\" class=\"wp-image-204\" srcset=\"https:\/\/rm-wein.ch\/wp-content\/uploads\/2024\/09\/image-137.png 1004w, https:\/\/rm-wein.ch\/wp-content\/uploads\/2024\/09\/image-137-300x150.png 300w, https:\/\/rm-wein.ch\/wp-content\/uploads\/2024\/09\/image-137-768x385.png 768w\" sizes=\"auto, (max-width: 1004px) 100vw, 1004px\" \/><\/figure>\n\n\n\n<h2 class=\"wp-block-heading has-medium-font-size\"><strong>K\u00f6rper<\/strong><\/h2>\n\n\n\n<figure class=\"wp-block-image size-full\"><img loading=\"lazy\" decoding=\"async\" width=\"1004\" height=\"673\" src=\"https:\/\/rm-wein.ch\/wp-content\/uploads\/2024\/09\/image-138.png\" alt=\"\" class=\"wp-image-205\" srcset=\"https:\/\/rm-wein.ch\/wp-content\/uploads\/2024\/09\/image-138.png 1004w, https:\/\/rm-wein.ch\/wp-content\/uploads\/2024\/09\/image-138-300x201.png 300w, https:\/\/rm-wein.ch\/wp-content\/uploads\/2024\/09\/image-138-768x515.png 768w\" sizes=\"auto, (max-width: 1004px) 100vw, 1004px\" \/><\/figure>\n\n\n\n<p><\/p>\n\n\n\n<h4 class=\"wp-block-heading\">Intensit\u00e4t am Gaumen (Geschmacksintensit\u00e4t)<\/h4>\n\n\n\n<figure class=\"wp-block-image size-full\"><img loading=\"lazy\" decoding=\"async\" width=\"1004\" height=\"444\" src=\"https:\/\/rm-wein.ch\/wp-content\/uploads\/2024\/09\/image-139.png\" alt=\"\" class=\"wp-image-206\" srcset=\"https:\/\/rm-wein.ch\/wp-content\/uploads\/2024\/09\/image-139.png 1004w, https:\/\/rm-wein.ch\/wp-content\/uploads\/2024\/09\/image-139-300x133.png 300w, https:\/\/rm-wein.ch\/wp-content\/uploads\/2024\/09\/image-139-768x340.png 768w\" sizes=\"auto, (max-width: 1004px) 100vw, 1004px\" \/><\/figure>\n\n\n\n<h4 class=\"wp-block-heading\"><a>Geschmacksnoten<\/a><\/h4>\n\n\n\n<figure class=\"wp-block-image size-full\"><img loading=\"lazy\" decoding=\"async\" width=\"1004\" height=\"78\" src=\"https:\/\/rm-wein.ch\/wp-content\/uploads\/2024\/09\/image-140.png\" alt=\"\" class=\"wp-image-207\" srcset=\"https:\/\/rm-wein.ch\/wp-content\/uploads\/2024\/09\/image-140.png 1004w, https:\/\/rm-wein.ch\/wp-content\/uploads\/2024\/09\/image-140-300x23.png 300w, https:\/\/rm-wein.ch\/wp-content\/uploads\/2024\/09\/image-140-768x60.png 768w\" sizes=\"auto, (max-width: 1004px) 100vw, 1004px\" \/><\/figure>\n\n\n\n<h4 class=\"wp-block-heading\">Abgang<\/h4>\n\n\n\n<figure class=\"wp-block-image size-full\"><img loading=\"lazy\" decoding=\"async\" width=\"1004\" height=\"399\" src=\"https:\/\/rm-wein.ch\/wp-content\/uploads\/2024\/09\/image-141.png\" alt=\"\" class=\"wp-image-208\" srcset=\"https:\/\/rm-wein.ch\/wp-content\/uploads\/2024\/09\/image-141.png 1004w, https:\/\/rm-wein.ch\/wp-content\/uploads\/2024\/09\/image-141-300x119.png 300w, https:\/\/rm-wein.ch\/wp-content\/uploads\/2024\/09\/image-141-768x305.png 768w\" sizes=\"auto, (max-width: 1004px) 100vw, 1004px\" \/><\/figure>\n\n\n\n<p><\/p>\n\n\n\n<p><\/p>\n\n\n\n<h3 class=\"wp-block-heading\"><\/h3>\n","protected":false},"excerpt":{"rendered":"<p>Liesst man Verkostungsnotizen, k\u00f6nnte man meinen, dass die Aromatik des Weines das Wichtigste ist. Nicht ganz richtig: Der Profi bewertet einen Wein vor allem auch am Gaumen. Wie das ganz zuverl\u00e4ssig funktioniert, erfahren sie hier. Bisherige Annahme: Die Zunge ist an der Spitze f\u00fcr S\u00fcsse empfindlich, an den R\u00e4nder f\u00fcr Sauer und salzig und hinten &#8230; <a title=\"Gaumen\" class=\"read-more\" href=\"https:\/\/rm-wein.ch\/?page_id=199\" aria-label=\"Mehr Informationen \u00fcber Gaumen\">Weiterlesen<\/a><\/p>\n","protected":false},"author":1,"featured_media":0,"parent":2,"menu_order":3,"comment_status":"closed","ping_status":"closed","template":"","meta":{"footnotes":""},"class_list":["post-199","page","type-page","status-publish"],"_links":{"self":[{"href":"https:\/\/rm-wein.ch\/index.php?rest_route=\/wp\/v2\/pages\/199","targetHints":{"allow":["GET"]}}],"collection":[{"href":"https:\/\/rm-wein.ch\/index.php?rest_route=\/wp\/v2\/pages"}],"about":[{"href":"https:\/\/rm-wein.ch\/index.php?rest_route=\/wp\/v2\/types\/page"}],"author":[{"embeddable":true,"href":"https:\/\/rm-wein.ch\/index.php?rest_route=\/wp\/v2\/users\/1"}],"replies":[{"embeddable":true,"href":"https:\/\/rm-wein.ch\/index.php?rest_route=%2Fwp%2Fv2%2Fcomments&post=199"}],"version-history":[{"count":2,"href":"https:\/\/rm-wein.ch\/index.php?rest_route=\/wp\/v2\/pages\/199\/revisions"}],"predecessor-version":[{"id":213,"href":"https:\/\/rm-wein.ch\/index.php?rest_route=\/wp\/v2\/pages\/199\/revisions\/213"}],"up":[{"embeddable":true,"href":"https:\/\/rm-wein.ch\/index.php?rest_route=\/wp\/v2\/pages\/2"}],"wp:attachment":[{"href":"https:\/\/rm-wein.ch\/index.php?rest_route=%2Fwp%2Fv2%2Fmedia&parent=199"}],"curies":[{"name":"wp","href":"https:\/\/api.w.org\/{rel}","templated":true}]}}