{"id":2002,"date":"2026-04-18T08:09:24","date_gmt":"2026-04-18T08:09:24","guid":{"rendered":"https:\/\/rm-wein.ch\/?page_id=2002"},"modified":"2026-04-18T09:27:37","modified_gmt":"2026-04-18T09:27:37","slug":"ribera-del-duero-2026","status":"publish","type":"page","link":"https:\/\/rm-wein.ch\/?page_id=2002","title":{"rendered":"Ribera del Duero 2026"},"content":{"rendered":"\n<p>Parking: <a href=\"https:\/\/1drv.ms\/b\/c\/15e4c3ce7fb3badd\/IQD-fwWG5ukyRpofCQ9uYRJ_AXV2r1iWMhFHH4YjAmO4TM4?e=dRNcEQ\">Airport_Parking.pdf<\/a><\/p>\n\n\n\n<p>Flug 12. Mai 2026<\/p>\n\n\n\n<p>Flug : <a href=\"https:\/\/1drv.ms\/b\/c\/15e4c3ce7fb3badd\/IQAtHoFUXMzWRYNBYZa8KenKAe7fldSP54TcueIImAff44Q?e=a3D07y\">ET_MEIERRETOFLAVIAN.pdf<\/a><\/p>\n\n\n\n<p>Abflug 11.50<\/p>\n\n\n\n<p>Ankunf: 14.15<\/p>\n\n\n\n<p>Transfer zum Hotel: tbd &#8211; Mail an Hotel gemacht<\/p>\n\n\n\n<h2 class=\"wp-block-heading\">Hotel 12. Mai:<\/h2>\n\n\n\n<p>Provisorisch Castilla\u00a0Termal\u00a0Monasterio de Valbuena, castillatermal.com<\/p>\n\n\n\n<h2 class=\"wp-block-heading\">Hotel vom 13. &#8211; 16. Mai: Hotel Arzuaga:<\/h2>\n\n\n\n<p>&nbsp;<a href=\"https:\/\/emea01.safelinks.protection.outlook.com\/?url=http%3A%2F%2Fwww.hotelarzuaga.com%2F&amp;data=05%7C02%7C%7Cd1fc70983e6a484765d908de9cb35e30%7C84df9e7fe9f640afb435aaaaaaaaaaaa%7C1%7C0%7C639120491705014442%7CUnknown%7CTWFpbGZsb3d8eyJFbXB0eU1hcGkiOnRydWUsIlYiOiIwLjAuMDAwMCIsIlAiOiJXaW4zMiIsIkFOIjoiTWFpbCIsIldUIjoyfQ%3D%3D%7C0%7C%7C%7C&amp;sdata=9a7JxgacHJrf9O1zprRe6lv7okyvzx8ITpGAwvC%2BK04%3D&amp;reserved=0\" target=\"_blank\" rel=\"noreferrer noopener\">www.hotelarzuaga.com<\/a><\/p>\n\n\n\n<p><strong>Hotel Arzuaga ist ideal gelegen<\/strong> \u2013 mitten auf der <strong>\u201eGolden Mile\u201c <\/strong>von Ribera del Duero. Ihr k\u00f6nnt viele Top-Weing\u00fcter in <strong>5\u201325 Minuten<\/strong> erreichen.<br>Ich w\u00fcrde es <strong>genussvoll statt stressig<\/strong> planen: t\u00e4glich <strong>1 grosses Highlight + optional 1 zweites leichteres Tasting<\/strong>.<\/p>\n\n\n\n<figure class=\"wp-block-image size-large\"><img loading=\"lazy\" decoding=\"async\" width=\"1024\" height=\"604\" src=\"https:\/\/rm-wein.ch\/wp-content\/uploads\/2026\/04\/image-1024x604.png\" alt=\"\" class=\"wp-image-2003\" srcset=\"https:\/\/rm-wein.ch\/wp-content\/uploads\/2026\/04\/image-1024x604.png 1024w, https:\/\/rm-wein.ch\/wp-content\/uploads\/2026\/04\/image-300x177.png 300w, https:\/\/rm-wein.ch\/wp-content\/uploads\/2026\/04\/image-768x453.png 768w, https:\/\/rm-wein.ch\/wp-content\/uploads\/2026\/04\/image.png 1468w\" sizes=\"auto, (max-width: 1024px) 100vw, 1024px\" \/><\/figure>\n\n\n\n<p><\/p>\n\n\n\n<h2 class=\"wp-block-heading\"><strong>13. Mai 2026<\/strong><\/h2>\n\n\n\n<p><\/p>\n\n\n\n<p><\/p>\n\n\n\n<p><\/p>\n\n\n\n<h2 class=\"wp-block-heading\"><strong>14. Mai 2026<\/strong><\/h2>\n\n\n\n<p><\/p>\n\n\n\n<h3 class=\"wp-block-heading\">Vormittag<\/h3>\n\n\n\n<p><strong>Pago de Carraovejas<\/strong><\/p>\n\n\n\n<figure class=\"wp-block-image size-full\"><img loading=\"lazy\" decoding=\"async\" width=\"828\" height=\"462\" src=\"https:\/\/rm-wein.ch\/wp-content\/uploads\/2026\/04\/image-3.png\" alt=\"\" class=\"wp-image-2017\" srcset=\"https:\/\/rm-wein.ch\/wp-content\/uploads\/2026\/04\/image-3.png 828w, https:\/\/rm-wein.ch\/wp-content\/uploads\/2026\/04\/image-3-300x167.png 300w, https:\/\/rm-wein.ch\/wp-content\/uploads\/2026\/04\/image-3-768x429.png 768w\" sizes=\"auto, (max-width: 828px) 100vw, 828px\" \/><\/figure>\n\n\n\n<p>Einer der besten Besuche der Region: modern, professionell, sch\u00f6ne Aussicht, sehr gute Weine. Verschiedene Degustationen, <strong>entscheiden und buchen:<\/strong><\/p>\n\n\n\n<figure class=\"wp-block-embed is-type-wp-embed is-provider-bodega-pago-de-carraovejas wp-block-embed-bodega-pago-de-carraovejas\"><div class=\"wp-block-embed__wrapper\">\n<blockquote class=\"wp-embedded-content\" data-secret=\"86GPFVaPeZ\"><a href=\"https:\/\/www.pagodecarraovejas.com\/en\/wine-tourism-in-spain\/\">WINE TOURISM IN SPAIN<\/a><\/blockquote><iframe loading=\"lazy\" class=\"wp-embedded-content\" sandbox=\"allow-scripts\" security=\"restricted\" style=\"position: absolute; visibility: hidden;\" title=\"\u00abWINE TOURISM IN SPAIN\u00bb \u2014 Bodega Pago de Carraovejas\" src=\"https:\/\/www.pagodecarraovejas.com\/en\/wine-tourism-in-spain\/embed\/#?secret=OAjScVwibH#?secret=86GPFVaPeZ\" data-secret=\"86GPFVaPeZ\" width=\"600\" height=\"338\" frameborder=\"0\" marginwidth=\"0\" marginheight=\"0\" scrolling=\"no\"><\/iframe>\n<\/div><\/figure>\n\n\n\n<h3 class=\"wp-block-heading\">Lunch dort oder in Pe\u00f1afiel<\/h3>\n\n\n\n<h3 class=\"wp-block-heading\">Nachmittag (optional)<\/h3>\n\n\n\n<p>Spaziergang Pe\u00f1afiel Castle oder Hotel Spa<\/p>\n\n\n\n<p>17:00 Visit to Arzuaga Bodega offered by the hotel<\/p>\n\n\n\n<p>Anschliessend Dinner at Bodegas Arzuaga Navarro<\/p>\n\n\n\n<p><\/p>\n\n\n\n<h2 class=\"wp-block-heading\"><strong>15. Mai 2026<\/strong><\/h2>\n\n\n\n<h3 class=\"wp-block-heading\">Vormittag<\/h3>\n\n\n\n<p><strong>Bodegas Emilio Moro<\/strong><\/p>\n\n\n\n<figure class=\"wp-block-image size-full\"><img loading=\"lazy\" decoding=\"async\" width=\"820\" height=\"371\" src=\"https:\/\/rm-wein.ch\/wp-content\/uploads\/2026\/04\/image-2.png\" alt=\"\" class=\"wp-image-2015\" srcset=\"https:\/\/rm-wein.ch\/wp-content\/uploads\/2026\/04\/image-2.png 820w, https:\/\/rm-wein.ch\/wp-content\/uploads\/2026\/04\/image-2-300x136.png 300w, https:\/\/rm-wein.ch\/wp-content\/uploads\/2026\/04\/image-2-768x347.png 768w\" sizes=\"auto, (max-width: 820px) 100vw, 820px\" \/><\/figure>\n\n\n\n<p>verschiedene Degustationen, <strong>entscheiden und buchen:<\/strong><\/p>\n\n\n\n<p><a href=\"https:\/\/www.emiliomoro.com\/en\/visitas-y-catas-ribera-del-duero\/?_gl=11k62dnx_upMQ.._gaMjQyNjczMzI2LjE3NzY1MDI3ODk._ga_MS00C5D302*czE3NzY1MDI3ODgkbzEkZzEkdDE3NzY1MDI4MTEkajM5JGwwJGgw\">https:\/\/www.emiliomoro.com\/en\/visitas-y-catas-ribera-del-duero\/?_gl=11k62dnx_upMQ.._gaMjQyNjczMzI2LjE3NzY1MDI3ODk._ga_MS00C5D302*czE3NzY1MDI3ODgkbzEkZzEkdDE3NzY1MDI4MTEkajM5JGwwJGgw<\/a><\/p>\n\n\n\n<p>Sehr gute Besuche, sympathisch, starke Weine.<\/p>\n\n\n\n<h3 class=\"wp-block-heading\">Lunch<\/h3>\n\n\n\n<p>In Pesquera de Duero oder zur\u00fcck im Hotel.<\/p>\n\n\n\n<p>Pesquera de Duero:<\/p>\n\n\n\n<figure class=\"wp-block-image size-full\"><img loading=\"lazy\" decoding=\"async\" width=\"890\" height=\"591\" src=\"https:\/\/rm-wein.ch\/wp-content\/uploads\/2026\/04\/image-4.png\" alt=\"\" class=\"wp-image-2018\" srcset=\"https:\/\/rm-wein.ch\/wp-content\/uploads\/2026\/04\/image-4.png 890w, https:\/\/rm-wein.ch\/wp-content\/uploads\/2026\/04\/image-4-300x199.png 300w, https:\/\/rm-wein.ch\/wp-content\/uploads\/2026\/04\/image-4-768x510.png 768w\" sizes=\"auto, (max-width: 890px) 100vw, 890px\" \/><\/figure>\n\n\n\n<h3 class=\"wp-block-heading\">Nachmittag optional<\/h3>\n\n\n\n<p><strong>Bodegas Protos<\/strong><\/p>\n\n\n\n<p>verschiedene Degustationen, <strong>entscheiden und buchen:<\/strong><\/p>\n\n\n\n<p><a href=\"https:\/\/enoturismo.bodegasprotos.com\/reserva\/visitas\">https:\/\/enoturismo.bodegasprotos.com\/reserva\/visitas<\/a><\/p>\n\n\n\n<figure class=\"wp-block-image size-full\"><img loading=\"lazy\" decoding=\"async\" width=\"735\" height=\"443\" src=\"https:\/\/rm-wein.ch\/wp-content\/uploads\/2026\/04\/image-5.png\" alt=\"\" class=\"wp-image-2021\" srcset=\"https:\/\/rm-wein.ch\/wp-content\/uploads\/2026\/04\/image-5.png 735w, https:\/\/rm-wein.ch\/wp-content\/uploads\/2026\/04\/image-5-300x181.png 300w\" sizes=\"auto, (max-width: 735px) 100vw, 735px\" \/><\/figure>\n\n\n\n<p>Architektur + lockerer zweiter Besuch.<\/p>\n\n\n\n<p><\/p>\n\n\n\n<p><\/p>\n\n\n\n<h2 class=\"wp-block-heading\"><strong>16. Mai 2026<\/strong><\/h2>\n\n\n\n<p>R\u00fcckreise<\/p>\n\n\n\n<p><\/p>\n\n\n\n<p><\/p>\n\n\n\n<p><\/p>\n\n\n\n<p><\/p>\n\n\n\n<h2 class=\"wp-block-heading\">Optionen<\/h2>\n\n\n\n<p><\/p>\n\n\n\n<p><a href=\"https:\/\/www.haciendamonasterio.com\/inicio-eng\">https:\/\/www.haciendamonasterio.com\/inicio-eng<\/a> : Zu pr\u00fcfen ob es ein Tasting gibt<\/p>\n\n\n\n<p><\/p>\n\n\n\n<p><strong>Vega Sicilia<\/strong> &#8211; S<strong>ehr exclusive &#8211; schwierig zu buchen<\/strong><\/p>\n\n\n\n<p><a href=\"https:\/\/www.temposvegasicilia.com\/en\/terroirniveau1\/4\/ribera-del-duero\">https:\/\/www.temposvegasicilia.com\/en\/terroirniveau1\/4\/ribera-del-duero<\/a><\/p>\n\n\n\n<h3 class=\"wp-block-heading\">Weinbereitung und Stil<\/h3>\n\n\n\n<p>Vega Sicilia ist ber\u00fchmt f\u00fcr seine au\u00dfergew\u00f6hnlich lange Fass- und Flaschenreifung. Der Spitzenwein \u201e\u00danico\u201c wird oft erst nach zehn Jahren oder mehr auf den Markt gebracht. Der Stil verbindet Kraft und Eleganz, wobei Tempranillo im Mittelpunkt steht, unterst\u00fctzt von Cabernet Sauvignon und Merlot. Die Weine zeichnen sich durch Tiefe, Komplexit\u00e4t und gro\u00dfes Alterungspotenzial aus.<\/p>\n\n\n\n<figure class=\"wp-block-image size-large\"><img loading=\"lazy\" decoding=\"async\" width=\"1024\" height=\"649\" src=\"https:\/\/rm-wein.ch\/wp-content\/uploads\/2026\/04\/image-1-1024x649.png\" alt=\"\" class=\"wp-image-2011\" srcset=\"https:\/\/rm-wein.ch\/wp-content\/uploads\/2026\/04\/image-1-1024x649.png 1024w, https:\/\/rm-wein.ch\/wp-content\/uploads\/2026\/04\/image-1-300x190.png 300w, https:\/\/rm-wein.ch\/wp-content\/uploads\/2026\/04\/image-1-768x486.png 768w, https:\/\/rm-wein.ch\/wp-content\/uploads\/2026\/04\/image-1.png 1353w\" sizes=\"auto, (max-width: 1024px) 100vw, 1024px\" \/><\/figure>\n","protected":false},"excerpt":{"rendered":"<p>Parking: Airport_Parking.pdf Flug 12. Mai 2026 Flug : ET_MEIERRETOFLAVIAN.pdf Abflug 11.50 Ankunf: 14.15 Transfer zum Hotel: tbd &#8211; Mail an Hotel gemacht Hotel 12. Mai: Provisorisch Castilla\u00a0Termal\u00a0Monasterio de Valbuena, castillatermal.com Hotel vom 13. &#8211; 16. Mai: Hotel Arzuaga: &nbsp;www.hotelarzuaga.com Hotel Arzuaga ist ideal gelegen \u2013 mitten auf der \u201eGolden Mile\u201c von Ribera del Duero. Ihr &#8230; <a title=\"Ribera del Duero 2026\" class=\"read-more\" href=\"https:\/\/rm-wein.ch\/?page_id=2002\" aria-label=\"Mehr Informationen \u00fcber Ribera del Duero 2026\">Weiterlesen<\/a><\/p>\n","protected":false},"author":1,"featured_media":0,"parent":1909,"menu_order":0,"comment_status":"closed","ping_status":"closed","template":"","meta":{"footnotes":""},"class_list":["post-2002","page","type-page","status-publish"],"_links":{"self":[{"href":"https:\/\/rm-wein.ch\/index.php?rest_route=\/wp\/v2\/pages\/2002","targetHints":{"allow":["GET"]}}],"collection":[{"href":"https:\/\/rm-wein.ch\/index.php?rest_route=\/wp\/v2\/pages"}],"about":[{"href":"https:\/\/rm-wein.ch\/index.php?rest_route=\/wp\/v2\/types\/page"}],"author":[{"embeddable":true,"href":"https:\/\/rm-wein.ch\/index.php?rest_route=\/wp\/v2\/users\/1"}],"replies":[{"embeddable":true,"href":"https:\/\/rm-wein.ch\/index.php?rest_route=%2Fwp%2Fv2%2Fcomments&post=2002"}],"version-history":[{"count":7,"href":"https:\/\/rm-wein.ch\/index.php?rest_route=\/wp\/v2\/pages\/2002\/revisions"}],"predecessor-version":[{"id":2023,"href":"https:\/\/rm-wein.ch\/index.php?rest_route=\/wp\/v2\/pages\/2002\/revisions\/2023"}],"up":[{"embeddable":true,"href":"https:\/\/rm-wein.ch\/index.php?rest_route=\/wp\/v2\/pages\/1909"}],"wp:attachment":[{"href":"https:\/\/rm-wein.ch\/index.php?rest_route=%2Fwp%2Fv2%2Fmedia&parent=2002"}],"curies":[{"name":"wp","href":"https:\/\/api.w.org\/{rel}","templated":true}]}}