{"id":2052,"date":"2026-04-19T15:12:10","date_gmt":"2026-04-19T15:12:10","guid":{"rendered":"https:\/\/rm-wein.ch\/?page_id=2052"},"modified":"2026-04-19T18:12:59","modified_gmt":"2026-04-19T18:12:59","slug":"spanische-weine","status":"publish","type":"page","link":"https:\/\/rm-wein.ch\/?page_id=2052","title":{"rendered":"Spanische Weine"},"content":{"rendered":"\n<p><\/p>\n\n\n\n<p><\/p>\n\n\n\n<h3 class=\"wp-block-heading\">Ribera del Duero<\/h3>\n\n\n\n<p>\/<\/p>\n\n\n\n<div class=\"wp-block-media-text is-stacked-on-mobile\" style=\"grid-template-columns:15% auto\"><figure class=\"wp-block-media-text__media\"><img loading=\"lazy\" decoding=\"async\" width=\"152\" height=\"533\" src=\"https:\/\/rm-wein.ch\/wp-content\/uploads\/2026\/04\/abadida-1.png\" alt=\"\" class=\"wp-image-2058 size-full\"\/><\/figure><div class=\"wp-block-media-text__content\">\n<p>Abad\u00eda Retuerta DOP<\/p>\n\n\n\n<p>Gutes PLV<\/p>\n\n\n\n<p>13 Monate Barrique f\u00fcr maximale Harmonie<\/p>\n\n\n\n<p>Luxus verpflichtet. Genauso wie das Boutique-Hotel im gleichnamigen Kloster geh\u00f6ren die Weine von Abadia Retuerta zu den besten aus der Region. Zu Recht ist der renommierte \u00d6nologe Pascal Delbeck stolz auf den ausgezeichneten Selecci\u00f3n Especial.<\/p>\n\n\n\n<p>M\u00f6venpick oder CC<\/p>\n\n\n\n<p><a href=\"https:\/\/www.moevenpick-wein.com\/de\/2021-seleccion-especial-sardon-de-duero-abadia-retuerta-dop-abadia-retuerta.html?utm_source=google&amp;utm_medium=cpc&amp;utm_campaign=23597398009&amp;utm_content=_&amp;utm_term=&amp;device=c&amp;matchtype=&amp;network=x&amp;placement=&amp;adposition=&amp;gad_source=1&amp;gad_campaignid=23597410036&amp;gbraid=0AAAAAD-YYFhzxbxV_4C3qK7ekMiiHRupw&amp;gclid=Cj0KCQjw-pHPBhCdARIsAHXYWP-7h2BUZORFjmoTYTtnlHCeUP17ygeMdQiwt39t4STCZqu1RzW-K8UaAm0gEALw_wcB\">https:\/\/www.moevenpick-wein.com\/de\/2021-seleccion-especial-sardon-de-duero-abadia-retuerta-dop-abadia-retuerta.html?utm_source=google&amp;utm_medium=cpc&amp;utm_campaign=23597398009&amp;utm_content=_&amp;utm_term=&amp;device=c&amp;matchtype=&amp;network=x&amp;placement=&amp;adposition=&amp;gad_source=1&amp;gad_campaignid=23597410036&amp;gbraid=0AAAAAD-YYFhzxbxV_4C3qK7ekMiiHRupw&amp;gclid=Cj0KCQjw-pHPBhCdARIsAHXYWP-7h2BUZORFjmoTYTtnlHCeUP17ygeMdQiwt39t4STCZqu1RzW-K8UaAm0gEALw_wcB<\/a><\/p>\n<\/div><\/div>\n\n\n\n<p><\/p>\n","protected":false},"excerpt":{"rendered":"<p>Ribera del Duero \/ Abad\u00eda Retuerta DOP Gutes PLV 13 Monate Barrique f\u00fcr maximale Harmonie Luxus verpflichtet. Genauso wie das Boutique-Hotel im gleichnamigen Kloster geh\u00f6ren die Weine von Abadia Retuerta zu den besten aus der Region. Zu Recht ist der renommierte \u00d6nologe Pascal Delbeck stolz auf den ausgezeichneten Selecci\u00f3n Especial. M\u00f6venpick oder CC https:\/\/www.moevenpick-wein.com\/de\/2021-seleccion-especial-sardon-de-duero-abadia-retuerta-dop-abadia-retuerta.html?utm_source=google&amp;utm_medium=cpc&amp;utm_campaign=23597398009&amp;utm_content=_&amp;utm_term=&amp;device=c&amp;matchtype=&amp;network=x&amp;placement=&amp;adposition=&amp;gad_source=1&amp;gad_campaignid=23597410036&amp;gbraid=0AAAAAD-YYFhzxbxV_4C3qK7ekMiiHRupw&amp;gclid=Cj0KCQjw-pHPBhCdARIsAHXYWP-7h2BUZORFjmoTYTtnlHCeUP17ygeMdQiwt39t4STCZqu1RzW-K8UaAm0gEALw_wcB<\/p>\n","protected":false},"author":1,"featured_media":0,"parent":360,"menu_order":0,"comment_status":"closed","ping_status":"closed","template":"","meta":{"footnotes":""},"class_list":["post-2052","page","type-page","status-publish"],"_links":{"self":[{"href":"https:\/\/rm-wein.ch\/index.php?rest_route=\/wp\/v2\/pages\/2052","targetHints":{"allow":["GET"]}}],"collection":[{"href":"https:\/\/rm-wein.ch\/index.php?rest_route=\/wp\/v2\/pages"}],"about":[{"href":"https:\/\/rm-wein.ch\/index.php?rest_route=\/wp\/v2\/types\/page"}],"author":[{"embeddable":true,"href":"https:\/\/rm-wein.ch\/index.php?rest_route=\/wp\/v2\/users\/1"}],"replies":[{"embeddable":true,"href":"https:\/\/rm-wein.ch\/index.php?rest_route=%2Fwp%2Fv2%2Fcomments&post=2052"}],"version-history":[{"count":6,"href":"https:\/\/rm-wein.ch\/index.php?rest_route=\/wp\/v2\/pages\/2052\/revisions"}],"predecessor-version":[{"id":2066,"href":"https:\/\/rm-wein.ch\/index.php?rest_route=\/wp\/v2\/pages\/2052\/revisions\/2066"}],"up":[{"embeddable":true,"href":"https:\/\/rm-wein.ch\/index.php?rest_route=\/wp\/v2\/pages\/360"}],"wp:attachment":[{"href":"https:\/\/rm-wein.ch\/index.php?rest_route=%2Fwp%2Fv2%2Fmedia&parent=2052"}],"curies":[{"name":"wp","href":"https:\/\/api.w.org\/{rel}","templated":true}]}}