{"id":211,"date":"2024-09-29T07:42:31","date_gmt":"2024-09-29T07:42:31","guid":{"rendered":"https:\/\/rm-wein.ch\/?page_id=211"},"modified":"2024-09-29T07:55:10","modified_gmt":"2024-09-29T07:55:10","slug":"bewertung","status":"publish","type":"page","link":"https:\/\/rm-wein.ch\/?page_id=211","title":{"rendered":"Bewertung"},"content":{"rendered":"\n<figure class=\"wp-block-image size-full is-resized\"><img loading=\"lazy\" decoding=\"async\" width=\"1004\" height=\"541\" src=\"https:\/\/rm-wein.ch\/wp-content\/uploads\/2024\/09\/image-142.png\" alt=\"\" class=\"wp-image-209\" style=\"width:650px;height:auto\" srcset=\"https:\/\/rm-wein.ch\/wp-content\/uploads\/2024\/09\/image-142.png 1004w, https:\/\/rm-wein.ch\/wp-content\/uploads\/2024\/09\/image-142-300x162.png 300w, https:\/\/rm-wein.ch\/wp-content\/uploads\/2024\/09\/image-142-768x414.png 768w\" sizes=\"auto, (max-width: 1004px) 100vw, 1004px\" \/><\/figure>\n\n\n\n<h3 class=\"wp-block-heading\">Intensit\u00e4t der Aromen<\/h3>\n\n\n\n<p>Ein toller Tropfen sollte \u00fcber klar erkennbare und deutliche Aromen mit unserer Nase kommunizieren. Sie sind ein elementares Sprachrohr f\u00fcr die qualitative Arbeit des Winzers. Hochwertige Trauben aus mengenm\u00e4ssig gedrosselten und streng selektionierten Ertr\u00e4gen erbringen deutlich aromatischere Weine gegen\u00fcber solchen aus Maximalertr\u00e4gen \u2013 wir merken also schnell, ob sich der Winzer im Weinberg f\u00fcr Qualit\u00e4t oder Quantit\u00e4t entschieden hat. Auch durch h\u00f6heren Aufwand im Keller wird die Aromatik intensiviert: holzige, buttrige oder hefige Aromen sind Auspr\u00e4gungen, die durch Fassreife und andere \u00abKunsthandgriffe\u00bb erst nach der G\u00e4rung entstehen. Diese Techniken sind besonders popul\u00e4r bei Sorten, die von Natur aus kein intensives Aromenprofil mitbringen (z.B. Chardonnay) und dennoch kreiert der Winzer hier mit viel Aufwand einen Wein von hoher Intensit\u00e4t. F\u00fcr g\u00fcnstige, einfache Weine rechnet sich dieser Aufwand schlichtweg nicht und sie sind daher an schwer greifbaren Aromen von verhaltener Intensit\u00e4t schnell erkennbar.<\/p>\n\n\n\n<p><strong>F\u00fchren sie das stille Glas (ohne zu schwenken) an ihre Nase.<\/strong><\/p>\n\n\n\n<p><strong>Ausgepr\u00e4gt<\/strong>: Sie erkenn am stillen Glas ohne zu schnuppern sofort deutliche Aromen.<\/p>\n\n\n\n<p><strong>Mittel<\/strong>: Sie m\u00fcssen konzentriert schnuppern, um Aromen klar wahrzunehmen.<\/p>\n\n\n\n<p><strong>Verhalten<\/strong>: Trotz intensivem Schnuppern und auch mit Schwenken erkenn sie kaum Aromen.<\/p>\n\n\n\n<h3 class=\"wp-block-heading\">Komplexit\u00e4t<\/h3>\n\n\n\n<p>Vielseitige Aromen sind ein unverkennbares Merkmal von Spitzenweinen. Macht es uns keine M\u00fche, gleich mehrere Gattungen von Fr\u00fcchten zu benennen und finden sich daneben noch subtile Noten, die eine aufw\u00e4ndige Kellerarbeit suggerieren, haben wir definitiv einen komplexen Wein im Glas. Am einfachsten ist dies bei gereiften Weinen zu erkennen, deren Spektrum durch feine Alterungsnoten bereichert wird. Junge, komplexe Weine werden mit etwas Zeit in der Karaffe ihre Tiefgr\u00fcndigkeit ebenfalls weiter offenbaren.<\/p>\n\n\n\n<p>Bei einfachen Weinen werden wir M\u00fche haben, mehr als zwei Aromagruppen zu benennen. Typisch f\u00fcr Weissweine mit geringer Komplexit\u00e4t w\u00e4re zum Beispiel die Einschr\u00e4nkung auf \u00abgr\u00fcnfruchtig und zitrus\u00bb, bei Rotweinen \u00abrotfruchtig und krautig\u00bb.<\/p>\n\n\n\n<h3 class=\"wp-block-heading\">Balance<\/h3>\n\n\n\n<p>Dass alle im Wein vertretenen Elemente im Einklang sind, ist enorm wichtig f\u00fcr das harmonische Trinkvergn\u00fcgen. Im Zentrum steht dabei die Balance zwischen \u00abCharme\u00bb, also Extrakt, Frucht, K\u00f6rper, S\u00fcsse und \u00abStruktur\u00bb, also S\u00e4ure und Tannin.<\/p>\n\n\n\n<p>Fehlt dem Charme das strukturelle Gegengewicht, so werden wir den Wein als zu \u00fcppig und damit plump wahrnehmen. Ein ausschliesslich von S\u00e4ure und Tannin gepr\u00e4gter Wein ist hingegen \u00e4usserst hart am Gaumen. Beide Extreme empfinden wir als untrinkbar.<\/p>\n\n\n\n<p>Es muss also Balance herrschen, wobei sich ein dezentes \u00dcbergewicht auf der charmanten Seite (milde Weine) oder auf der strukturierten Seite (lebhafte Weine) durchaus positiv auf das Genusserlebnis auswirken kann. Stellen wir dies fest, sprechen wir immer noch von einem balancierten Wein.<\/p>\n\n\n\n<p>Gute Balance ist \u00fcbrigens nicht nur hervorragenden Weinen vorbehalten. Auch einfache Weine sind meist balanciert und aufgrund ihrer geringen Komplexit\u00e4t ist dieses Kriterium f\u00fcr sie sogar recht einfach erf\u00fcllbar.<\/p>\n\n\n\n<figure class=\"wp-block-image size-full\"><img loading=\"lazy\" decoding=\"async\" width=\"488\" height=\"449\" src=\"https:\/\/rm-wein.ch\/wp-content\/uploads\/2024\/09\/image-143.png\" alt=\"\" class=\"wp-image-215\" srcset=\"https:\/\/rm-wein.ch\/wp-content\/uploads\/2024\/09\/image-143.png 488w, https:\/\/rm-wein.ch\/wp-content\/uploads\/2024\/09\/image-143-300x276.png 300w\" sizes=\"auto, (max-width: 488px) 100vw, 488px\" \/><\/figure>\n\n\n\n<h3 class=\"wp-block-heading\">L\u00e4nge<\/h3>\n\n\n\n<p>Wichtig vorab: L\u00e4nge und Nachhall eines Weines sind nicht das Gleiche. Mitunter sp\u00fcren wir noch Minuten sp\u00e4ter, dass wir gerade einen Schluck Wein getrunken haben \u2013 dies ist der Nachhall. Als L\u00e4nge oder Abgang bezeichnen wir den meist kurzen Zeitraum nach dem Herunterschlucken oder Ausspucken, in dem noch das gesamte Aromenspektrum des Weines am Gaumen unver\u00e4ndert \u00abverharrt\u00bb.<\/p>\n\n\n\n<p>Einfache Weine enden kurz und abrupt oder hinterlassen sogar einen unangenehmen Nachgeschmack. Bei grossen Weinen bleibt das feine Aroma noch f\u00fcr eine gewisse Zeit am Gaumen stehen. Die \u00d6nologie verwendet \u00fcbrigens f\u00fcr die Bewertung des Abgangs eine eigene Masseinheit das Caudalie (von Cauda, lateinisch Schweif). Ein Caudalie entspricht einer Sekunde Nachhall. Weine mit weniger als f\u00fcnf Sekunden gelten als kurz, Weine mit zehn und mehr Caudalie als lang.<\/p>\n\n\n\n<h3 class=\"wp-block-heading\">Anwendung<\/h3>\n\n\n\n<p>Diese vier Bewertungskriterien k\u00f6nnen ganz einfach angewendet werden. W\u00e4hrend der aufmerksamen Verkostung eines Weines geht man eines nach dem anderen im Kopf durch. Erf\u00fcllt der Wein eines der Kriterien, erh\u00e4lt er daf\u00fcr einen Punkt. Es sind also gesamthaft bis zu vier Punkte zu vergeben. Erreicht ein Wein diese Maximalausbeute, kann man von \u00abhervorragender Qualit\u00e4t\u00bb sprechen. Drei Punkte ergeben ein \u00absehr gut\u00bb, zwei Punkte ein \u00abgut\u00bb, mit einem Punkt ist der Wein \u00abdurchschnittlich\u00bb, holt er keinen Punkt, so ist er als \u00abschwach\u00bb zu bezeichnen. Es empfiehlt sich dabei, f\u00fcr ein differenziertes Urteil auch halbe Punkte zu verteilen, z.B. f\u00fcr eine mittlere Intensit\u00e4t oder einen mittellangen Abgang.<\/p>\n\n\n\n<p>Diese Art der Beurteilung ist vollkommen objektiv, denn sie beruht ausschliesslich auf den tats\u00e4chlichen Eigenschaften eines Weines. Ob der hervorragende Wein dann am Ende auch unseren pers\u00f6nlichen Geschmack getroffen hat, ist dabei eine v\u00f6llig andere Geschichte\u2026<\/p>\n\n\n\n<h3 class=\"wp-block-heading\">Rotwein<\/h3>\n\n\n\n<figure class=\"wp-block-image size-large\"><img loading=\"lazy\" decoding=\"async\" width=\"892\" height=\"1024\" src=\"https:\/\/rm-wein.ch\/wp-content\/uploads\/2024\/09\/image-144-892x1024.png\" alt=\"\" class=\"wp-image-216\" srcset=\"https:\/\/rm-wein.ch\/wp-content\/uploads\/2024\/09\/image-144-892x1024.png 892w, https:\/\/rm-wein.ch\/wp-content\/uploads\/2024\/09\/image-144-261x300.png 261w, https:\/\/rm-wein.ch\/wp-content\/uploads\/2024\/09\/image-144-768x882.png 768w, https:\/\/rm-wein.ch\/wp-content\/uploads\/2024\/09\/image-144.png 983w\" sizes=\"auto, (max-width: 892px) 100vw, 892px\" \/><\/figure>\n\n\n\n<h3 class=\"wp-block-heading\">Weisswein<\/h3>\n\n\n\n<figure class=\"wp-block-image size-large\"><img loading=\"lazy\" decoding=\"async\" width=\"843\" height=\"1024\" src=\"https:\/\/rm-wein.ch\/wp-content\/uploads\/2024\/09\/image-145-843x1024.png\" alt=\"\" class=\"wp-image-217\" srcset=\"https:\/\/rm-wein.ch\/wp-content\/uploads\/2024\/09\/image-145-843x1024.png 843w, https:\/\/rm-wein.ch\/wp-content\/uploads\/2024\/09\/image-145-247x300.png 247w, https:\/\/rm-wein.ch\/wp-content\/uploads\/2024\/09\/image-145-768x933.png 768w, https:\/\/rm-wein.ch\/wp-content\/uploads\/2024\/09\/image-145.png 971w\" sizes=\"auto, (max-width: 843px) 100vw, 843px\" \/><\/figure>\n\n\n\n<h3 class=\"wp-block-heading\">Qualit\u00e4t &#8211; Gesamtbewertung<\/h3>\n\n\n\n<figure class=\"wp-block-image size-full\"><img loading=\"lazy\" decoding=\"async\" width=\"1004\" height=\"259\" src=\"https:\/\/rm-wein.ch\/wp-content\/uploads\/2024\/09\/image-146.png\" alt=\"\" class=\"wp-image-218\" srcset=\"https:\/\/rm-wein.ch\/wp-content\/uploads\/2024\/09\/image-146.png 1004w, https:\/\/rm-wein.ch\/wp-content\/uploads\/2024\/09\/image-146-300x77.png 300w, https:\/\/rm-wein.ch\/wp-content\/uploads\/2024\/09\/image-146-768x198.png 768w\" sizes=\"auto, (max-width: 1004px) 100vw, 1004px\" \/><\/figure>\n\n\n\n<figure class=\"wp-block-image size-full\"><img loading=\"lazy\" decoding=\"async\" width=\"1004\" height=\"572\" src=\"https:\/\/rm-wein.ch\/wp-content\/uploads\/2024\/09\/image-147.png\" alt=\"\" class=\"wp-image-219\" srcset=\"https:\/\/rm-wein.ch\/wp-content\/uploads\/2024\/09\/image-147.png 1004w, https:\/\/rm-wein.ch\/wp-content\/uploads\/2024\/09\/image-147-300x171.png 300w, https:\/\/rm-wein.ch\/wp-content\/uploads\/2024\/09\/image-147-768x438.png 768w\" sizes=\"auto, (max-width: 1004px) 100vw, 1004px\" \/><\/figure>\n\n\n\n<figure class=\"wp-block-image size-full\"><img loading=\"lazy\" decoding=\"async\" width=\"401\" height=\"376\" src=\"https:\/\/rm-wein.ch\/wp-content\/uploads\/2024\/09\/image-148.png\" alt=\"\" class=\"wp-image-220\" srcset=\"https:\/\/rm-wein.ch\/wp-content\/uploads\/2024\/09\/image-148.png 401w, https:\/\/rm-wein.ch\/wp-content\/uploads\/2024\/09\/image-148-300x281.png 300w\" sizes=\"auto, (max-width: 401px) 100vw, 401px\" \/><\/figure>\n\n\n\n<figure class=\"wp-block-image size-full\"><img loading=\"lazy\" decoding=\"async\" width=\"1004\" height=\"854\" src=\"https:\/\/rm-wein.ch\/wp-content\/uploads\/2024\/09\/image-149.png\" alt=\"\" class=\"wp-image-221\" srcset=\"https:\/\/rm-wein.ch\/wp-content\/uploads\/2024\/09\/image-149.png 1004w, https:\/\/rm-wein.ch\/wp-content\/uploads\/2024\/09\/image-149-300x255.png 300w, https:\/\/rm-wein.ch\/wp-content\/uploads\/2024\/09\/image-149-768x653.png 768w\" sizes=\"auto, (max-width: 1004px) 100vw, 1004px\" \/><\/figure>\n","protected":false},"excerpt":{"rendered":"<p>Intensit\u00e4t der Aromen Ein toller Tropfen sollte \u00fcber klar erkennbare und deutliche Aromen mit unserer Nase kommunizieren. Sie sind ein elementares Sprachrohr f\u00fcr die qualitative Arbeit des Winzers. Hochwertige Trauben aus mengenm\u00e4ssig gedrosselten und streng selektionierten Ertr\u00e4gen erbringen deutlich aromatischere Weine gegen\u00fcber solchen aus Maximalertr\u00e4gen \u2013 wir merken also schnell, ob sich der Winzer im &#8230; <a title=\"Bewertung\" class=\"read-more\" href=\"https:\/\/rm-wein.ch\/?page_id=211\" aria-label=\"Mehr Informationen \u00fcber Bewertung\">Weiterlesen<\/a><\/p>\n","protected":false},"author":1,"featured_media":0,"parent":165,"menu_order":2,"comment_status":"closed","ping_status":"closed","template":"","meta":{"footnotes":""},"class_list":["post-211","page","type-page","status-publish"],"_links":{"self":[{"href":"https:\/\/rm-wein.ch\/index.php?rest_route=\/wp\/v2\/pages\/211","targetHints":{"allow":["GET"]}}],"collection":[{"href":"https:\/\/rm-wein.ch\/index.php?rest_route=\/wp\/v2\/pages"}],"about":[{"href":"https:\/\/rm-wein.ch\/index.php?rest_route=\/wp\/v2\/types\/page"}],"author":[{"embeddable":true,"href":"https:\/\/rm-wein.ch\/index.php?rest_route=\/wp\/v2\/users\/1"}],"replies":[{"embeddable":true,"href":"https:\/\/rm-wein.ch\/index.php?rest_route=%2Fwp%2Fv2%2Fcomments&post=211"}],"version-history":[{"count":3,"href":"https:\/\/rm-wein.ch\/index.php?rest_route=\/wp\/v2\/pages\/211\/revisions"}],"predecessor-version":[{"id":222,"href":"https:\/\/rm-wein.ch\/index.php?rest_route=\/wp\/v2\/pages\/211\/revisions\/222"}],"up":[{"embeddable":true,"href":"https:\/\/rm-wein.ch\/index.php?rest_route=\/wp\/v2\/pages\/165"}],"wp:attachment":[{"href":"https:\/\/rm-wein.ch\/index.php?rest_route=%2Fwp%2Fv2%2Fmedia&parent=211"}],"curies":[{"name":"wp","href":"https:\/\/api.w.org\/{rel}","templated":true}]}}