{"id":236,"date":"2024-09-29T08:24:52","date_gmt":"2024-09-29T08:24:52","guid":{"rendered":"https:\/\/rm-wein.ch\/?page_id=236"},"modified":"2024-10-02T18:52:28","modified_gmt":"2024-10-02T18:52:28","slug":"elsass","status":"publish","type":"page","link":"https:\/\/rm-wein.ch\/?page_id=236","title":{"rendered":"Elsass"},"content":{"rendered":"\n<p>Anbaugebiet: <a href=\"#Elsass_Riesling\" data-type=\"internal\" data-id=\"#Elsass_Riesling\">Riesling <\/a>\/ <a href=\"#Elsass_Pinotgris\" data-type=\"internal\" data-id=\"#Elsass_Pinotgris\">Pinot Gris<\/a> \/ <a href=\"#Elsass_Gew\u00fcrztraminer\" data-type=\"internal\" data-id=\"#Elsass_Gew\u00fcrztraminer\">Gew\u00fcrztraminer <\/a>\/ Muscat<\/p>\n\n\n\n<figure class=\"wp-block-image size-full\"><img loading=\"lazy\" decoding=\"async\" width=\"865\" height=\"336\" src=\"https:\/\/rm-wein.ch\/wp-content\/uploads\/2024\/10\/image-98.png\" alt=\"\" class=\"wp-image-775\" srcset=\"https:\/\/rm-wein.ch\/wp-content\/uploads\/2024\/10\/image-98.png 865w, https:\/\/rm-wein.ch\/wp-content\/uploads\/2024\/10\/image-98-300x117.png 300w, https:\/\/rm-wein.ch\/wp-content\/uploads\/2024\/10\/image-98-768x298.png 768w\" sizes=\"auto, (max-width: 865px) 100vw, 865px\" \/><\/figure>\n\n\n\n<p><\/p>\n\n\n\n<h3 class=\"wp-block-heading\" id=\"Elsass_Riesling\">Riesling<\/h3>\n\n\n\n<figure class=\"wp-block-image size-full\"><img loading=\"lazy\" decoding=\"async\" width=\"1004\" height=\"761\" src=\"https:\/\/rm-wein.ch\/wp-content\/uploads\/2024\/09\/image-199.png\" alt=\"\" class=\"wp-image-311\" srcset=\"https:\/\/rm-wein.ch\/wp-content\/uploads\/2024\/09\/image-199.png 1004w, https:\/\/rm-wein.ch\/wp-content\/uploads\/2024\/09\/image-199-300x227.png 300w, https:\/\/rm-wein.ch\/wp-content\/uploads\/2024\/09\/image-199-768x582.png 768w\" sizes=\"auto, (max-width: 1004px) 100vw, 1004px\" \/><\/figure>\n\n\n\n<figure class=\"wp-block-image size-large\"><img loading=\"lazy\" decoding=\"async\" width=\"1024\" height=\"509\" src=\"https:\/\/rm-wein.ch\/wp-content\/uploads\/2024\/09\/image-335-1024x509.png\" alt=\"\" class=\"wp-image-555\" srcset=\"https:\/\/rm-wein.ch\/wp-content\/uploads\/2024\/09\/image-335-1024x509.png 1024w, https:\/\/rm-wein.ch\/wp-content\/uploads\/2024\/09\/image-335-300x149.png 300w, https:\/\/rm-wein.ch\/wp-content\/uploads\/2024\/09\/image-335-768x382.png 768w, https:\/\/rm-wein.ch\/wp-content\/uploads\/2024\/09\/image-335.png 1148w\" sizes=\"auto, (max-width: 1024px) 100vw, 1024px\" \/><\/figure>\n\n\n\n<figure class=\"wp-block-image size-full\"><img loading=\"lazy\" decoding=\"async\" width=\"1004\" height=\"495\" src=\"https:\/\/rm-wein.ch\/wp-content\/uploads\/2024\/09\/image-155.png\" alt=\"\" class=\"wp-image-237\" srcset=\"https:\/\/rm-wein.ch\/wp-content\/uploads\/2024\/09\/image-155.png 1004w, https:\/\/rm-wein.ch\/wp-content\/uploads\/2024\/09\/image-155-300x148.png 300w, https:\/\/rm-wein.ch\/wp-content\/uploads\/2024\/09\/image-155-768x379.png 768w\" sizes=\"auto, (max-width: 1004px) 100vw, 1004px\" \/><\/figure>\n\n\n\n<figure class=\"wp-block-image size-full\"><img loading=\"lazy\" decoding=\"async\" width=\"971\" height=\"179\" src=\"https:\/\/rm-wein.ch\/wp-content\/uploads\/2024\/09\/image-200.png\" alt=\"\" class=\"wp-image-312\" srcset=\"https:\/\/rm-wein.ch\/wp-content\/uploads\/2024\/09\/image-200.png 971w, https:\/\/rm-wein.ch\/wp-content\/uploads\/2024\/09\/image-200-300x55.png 300w, https:\/\/rm-wein.ch\/wp-content\/uploads\/2024\/09\/image-200-768x142.png 768w\" sizes=\"auto, (max-width: 971px) 100vw, 971px\" \/><\/figure>\n\n\n\n<figure class=\"wp-block-image size-full\"><img loading=\"lazy\" decoding=\"async\" width=\"1004\" height=\"903\" src=\"https:\/\/rm-wein.ch\/wp-content\/uploads\/2024\/09\/image-198.png\" alt=\"\" class=\"wp-image-309\" srcset=\"https:\/\/rm-wein.ch\/wp-content\/uploads\/2024\/09\/image-198.png 1004w, https:\/\/rm-wein.ch\/wp-content\/uploads\/2024\/09\/image-198-300x270.png 300w, https:\/\/rm-wein.ch\/wp-content\/uploads\/2024\/09\/image-198-768x691.png 768w\" sizes=\"auto, (max-width: 1004px) 100vw, 1004px\" \/><\/figure>\n\n\n\n<figure class=\"wp-block-image size-full\"><img loading=\"lazy\" decoding=\"async\" width=\"1004\" height=\"561\" src=\"https:\/\/rm-wein.ch\/wp-content\/uploads\/2024\/09\/image-156.png\" alt=\"\" class=\"wp-image-238\" srcset=\"https:\/\/rm-wein.ch\/wp-content\/uploads\/2024\/09\/image-156.png 1004w, https:\/\/rm-wein.ch\/wp-content\/uploads\/2024\/09\/image-156-300x168.png 300w, https:\/\/rm-wein.ch\/wp-content\/uploads\/2024\/09\/image-156-768x429.png 768w\" sizes=\"auto, (max-width: 1004px) 100vw, 1004px\" \/><\/figure>\n\n\n\n<p><\/p>\n\n\n\n<h3 class=\"wp-block-heading\" id=\"Elsassriesling\">Riesling<\/h3>\n\n\n\n<figure class=\"wp-block-image size-full\"><img loading=\"lazy\" decoding=\"async\" width=\"1004\" height=\"851\" src=\"https:\/\/rm-wein.ch\/wp-content\/uploads\/2024\/09\/image-201.png\" alt=\"\" class=\"wp-image-313\" srcset=\"https:\/\/rm-wein.ch\/wp-content\/uploads\/2024\/09\/image-201.png 1004w, https:\/\/rm-wein.ch\/wp-content\/uploads\/2024\/09\/image-201-300x254.png 300w, https:\/\/rm-wein.ch\/wp-content\/uploads\/2024\/09\/image-201-768x651.png 768w\" sizes=\"auto, (max-width: 1004px) 100vw, 1004px\" \/><\/figure>\n\n\n\n<p><\/p>\n\n\n\n<h3 class=\"wp-block-heading\" id=\"Elsass_Pinotgris\">Pinot Gris<\/h3>\n\n\n\n<figure class=\"wp-block-image size-full\"><img loading=\"lazy\" decoding=\"async\" width=\"825\" height=\"652\" src=\"https:\/\/rm-wein.ch\/wp-content\/uploads\/2024\/10\/image-99.png\" alt=\"\" class=\"wp-image-777\" srcset=\"https:\/\/rm-wein.ch\/wp-content\/uploads\/2024\/10\/image-99.png 825w, https:\/\/rm-wein.ch\/wp-content\/uploads\/2024\/10\/image-99-300x237.png 300w, https:\/\/rm-wein.ch\/wp-content\/uploads\/2024\/10\/image-99-768x607.png 768w\" sizes=\"auto, (max-width: 825px) 100vw, 825px\" \/><\/figure>\n\n\n\n<figure class=\"wp-block-image size-full\"><img loading=\"lazy\" decoding=\"async\" width=\"802\" height=\"276\" src=\"https:\/\/rm-wein.ch\/wp-content\/uploads\/2024\/10\/image-100.png\" alt=\"\" class=\"wp-image-778\" srcset=\"https:\/\/rm-wein.ch\/wp-content\/uploads\/2024\/10\/image-100.png 802w, https:\/\/rm-wein.ch\/wp-content\/uploads\/2024\/10\/image-100-300x103.png 300w, https:\/\/rm-wein.ch\/wp-content\/uploads\/2024\/10\/image-100-768x264.png 768w\" sizes=\"auto, (max-width: 802px) 100vw, 802px\" \/><\/figure>\n\n\n\n<p>als auch f\u00fcr die AOC Alsace Grand Cru.<\/p>\n\n\n\n<p>Rebsorte: <a href=\"https:\/\/rm-wein.ch\/?page_id=246\" data-type=\"page\" data-id=\"246\">Pinot Gris<\/a><\/p>\n\n\n\n<p><\/p>\n\n\n\n<h3 class=\"wp-block-heading\" id=\"Elsass_Gew\u00fcrztraminer\">Gew\u00fcrztraminer<\/h3>\n\n\n\n<figure class=\"wp-block-image size-full\"><img loading=\"lazy\" decoding=\"async\" width=\"751\" height=\"458\" src=\"https:\/\/rm-wein.ch\/wp-content\/uploads\/2024\/10\/image-110.png\" alt=\"\" class=\"wp-image-799\" srcset=\"https:\/\/rm-wein.ch\/wp-content\/uploads\/2024\/10\/image-110.png 751w, https:\/\/rm-wein.ch\/wp-content\/uploads\/2024\/10\/image-110-300x183.png 300w\" sizes=\"auto, (max-width: 751px) 100vw, 751px\" \/><\/figure>\n\n\n\n<figure class=\"wp-block-image size-full\"><img loading=\"lazy\" decoding=\"async\" width=\"778\" height=\"262\" src=\"https:\/\/rm-wein.ch\/wp-content\/uploads\/2024\/10\/image-111.png\" alt=\"\" class=\"wp-image-800\" srcset=\"https:\/\/rm-wein.ch\/wp-content\/uploads\/2024\/10\/image-111.png 778w, https:\/\/rm-wein.ch\/wp-content\/uploads\/2024\/10\/image-111-300x101.png 300w, https:\/\/rm-wein.ch\/wp-content\/uploads\/2024\/10\/image-111-768x259.png 768w\" sizes=\"auto, (max-width: 778px) 100vw, 778px\" \/><\/figure>\n\n\n\n<p>Rebsorte: <a href=\"https:\/\/rm-wein.ch\/?page_id=257\" data-type=\"page\" data-id=\"257\">Gew\u00fcrztraminer<\/a><\/p>\n\n\n\n<p><\/p>\n","protected":false},"excerpt":{"rendered":"<p>Anbaugebiet: Riesling \/ Pinot Gris \/ Gew\u00fcrztraminer \/ Muscat Riesling Riesling Pinot Gris als auch f\u00fcr die AOC Alsace Grand Cru. Rebsorte: Pinot Gris Gew\u00fcrztraminer Rebsorte: Gew\u00fcrztraminer<\/p>\n","protected":false},"author":1,"featured_media":0,"parent":233,"menu_order":10,"comment_status":"closed","ping_status":"closed","template":"","meta":{"footnotes":""},"class_list":["post-236","page","type-page","status-publish"],"_links":{"self":[{"href":"https:\/\/rm-wein.ch\/index.php?rest_route=\/wp\/v2\/pages\/236","targetHints":{"allow":["GET"]}}],"collection":[{"href":"https:\/\/rm-wein.ch\/index.php?rest_route=\/wp\/v2\/pages"}],"about":[{"href":"https:\/\/rm-wein.ch\/index.php?rest_route=\/wp\/v2\/types\/page"}],"author":[{"embeddable":true,"href":"https:\/\/rm-wein.ch\/index.php?rest_route=\/wp\/v2\/users\/1"}],"replies":[{"embeddable":true,"href":"https:\/\/rm-wein.ch\/index.php?rest_route=%2Fwp%2Fv2%2Fcomments&post=236"}],"version-history":[{"count":7,"href":"https:\/\/rm-wein.ch\/index.php?rest_route=\/wp\/v2\/pages\/236\/revisions"}],"predecessor-version":[{"id":801,"href":"https:\/\/rm-wein.ch\/index.php?rest_route=\/wp\/v2\/pages\/236\/revisions\/801"}],"up":[{"embeddable":true,"href":"https:\/\/rm-wein.ch\/index.php?rest_route=\/wp\/v2\/pages\/233"}],"wp:attachment":[{"href":"https:\/\/rm-wein.ch\/index.php?rest_route=%2Fwp%2Fv2%2Fmedia&parent=236"}],"curies":[{"name":"wp","href":"https:\/\/api.w.org\/{rel}","templated":true}]}}