{"id":923,"date":"2024-10-09T14:05:27","date_gmt":"2024-10-09T14:05:27","guid":{"rendered":"https:\/\/rm-wein.ch\/?page_id=923"},"modified":"2026-02-16T14:55:55","modified_gmt":"2026-02-16T14:55:55","slug":"argentinien","status":"publish","type":"page","link":"https:\/\/rm-wein.ch\/?page_id=923","title":{"rendered":"Argentinien"},"content":{"rendered":"\n<p>Angebaute Rebsorten: <a href=\"#Argentinien_Malbec\">Malbec<\/a><\/p>\n\n\n\n<p><\/p>\n\n\n\n<figure class=\"wp-block-image size-large\"><img loading=\"lazy\" decoding=\"async\" width=\"928\" height=\"1024\" src=\"https:\/\/rm-wein.ch\/wp-content\/uploads\/2026\/02\/image-2-928x1024.png\" alt=\"\" class=\"wp-image-1608\" srcset=\"https:\/\/rm-wein.ch\/wp-content\/uploads\/2026\/02\/image-2-928x1024.png 928w, https:\/\/rm-wein.ch\/wp-content\/uploads\/2026\/02\/image-2-272x300.png 272w, https:\/\/rm-wein.ch\/wp-content\/uploads\/2026\/02\/image-2-768x847.png 768w, https:\/\/rm-wein.ch\/wp-content\/uploads\/2026\/02\/image-2.png 979w\" sizes=\"auto, (max-width: 928px) 100vw, 928px\" \/><\/figure>\n\n\n\n<figure class=\"wp-block-image size-large\"><img loading=\"lazy\" decoding=\"async\" width=\"819\" height=\"1024\" src=\"https:\/\/rm-wein.ch\/wp-content\/uploads\/2026\/02\/image-3-819x1024.png\" alt=\"\" class=\"wp-image-1611\" srcset=\"https:\/\/rm-wein.ch\/wp-content\/uploads\/2026\/02\/image-3-819x1024.png 819w, https:\/\/rm-wein.ch\/wp-content\/uploads\/2026\/02\/image-3-240x300.png 240w, https:\/\/rm-wein.ch\/wp-content\/uploads\/2026\/02\/image-3-768x960.png 768w, https:\/\/rm-wein.ch\/wp-content\/uploads\/2026\/02\/image-3-1229x1536.png 1229w, https:\/\/rm-wein.ch\/wp-content\/uploads\/2026\/02\/image-3-1638x2048.png 1638w, https:\/\/rm-wein.ch\/wp-content\/uploads\/2026\/02\/image-3-scaled.png 2048w\" sizes=\"auto, (max-width: 819px) 100vw, 819px\" \/><\/figure>\n\n\n\n<figure class=\"wp-block-image size-large\"><img loading=\"lazy\" decoding=\"async\" width=\"1024\" height=\"607\" src=\"https:\/\/rm-wein.ch\/wp-content\/uploads\/2026\/02\/image-4-1024x607.png\" alt=\"\" class=\"wp-image-1613\" srcset=\"https:\/\/rm-wein.ch\/wp-content\/uploads\/2026\/02\/image-4-1024x607.png 1024w, https:\/\/rm-wein.ch\/wp-content\/uploads\/2026\/02\/image-4-300x178.png 300w, https:\/\/rm-wein.ch\/wp-content\/uploads\/2026\/02\/image-4-768x455.png 768w, https:\/\/rm-wein.ch\/wp-content\/uploads\/2026\/02\/image-4-1536x910.png 1536w, https:\/\/rm-wein.ch\/wp-content\/uploads\/2026\/02\/image-4.png 1687w\" sizes=\"auto, (max-width: 1024px) 100vw, 1024px\" \/><\/figure>\n\n\n\n<figure class=\"wp-block-image size-full\"><img loading=\"lazy\" decoding=\"async\" width=\"728\" height=\"414\" src=\"https:\/\/rm-wein.ch\/wp-content\/uploads\/2026\/02\/image-5.png\" alt=\"\" class=\"wp-image-1615\" srcset=\"https:\/\/rm-wein.ch\/wp-content\/uploads\/2026\/02\/image-5.png 728w, https:\/\/rm-wein.ch\/wp-content\/uploads\/2026\/02\/image-5-300x171.png 300w\" sizes=\"auto, (max-width: 728px) 100vw, 728px\" \/><\/figure>\n\n\n\n<ul class=\"wp-block-list\">\n<li><strong>Herz des argentinischen Weinbaus schl\u00e4gt in Cuyo<\/strong><\/li>\n<\/ul>\n\n\n\n<p><\/p>\n\n\n\n<figure class=\"wp-block-image\" id=\"attachment_350\"><a href=\"https:\/\/blog-5a7a.kxcdn.com\/wp-content\/uploads\/2014\/01\/Irrigation_from_the_Andes-Wines-of-Argentina-Carlos-Calise.jpg\"><img decoding=\"async\" src=\"https:\/\/blog-5a7a.kxcdn.com\/wp-content\/uploads\/2014\/01\/Irrigation_from_the_Andes-Wines-of-Argentina-Carlos-Calise.jpg\" alt=\"Irrigation_from_the_Andes Wines of Argentina Carlos Calise, Alta Vista; Wein aus Argentinien; Malbec, Vineshop24, Anden, Schmelzwasser\" class=\"wp-image-350\" title=\"Carlos Calise\/Wines of Argentina\"\/><\/a><figcaption class=\"wp-element-caption\">Nat\u00fcrliche Bew\u00e4sserung durch das Schmelzwasser aus den Anden.<\/figcaption><\/figure>\n\n\n\n<p><strong>Das Herz des argentinischen Weinbaus aber schl\u00e4gt unbestritten in Cuyo<\/strong>. In der Sprache der Ureinwohner ist die Cuyo-Region das \u201eLand der W\u00fcsten\u201c. Mit einer Jahresdurchschnitts-temperatur von 15 bis 19 Grad, H\u00f6henlagen zwischen 700 und 1700 Metern, geringem Niederschlag und einer nat\u00fcrlichen Bew\u00e4sserung durch das Schmelzwasser aus den Anden ist hier das Zentrum des Weinbaus in S\u00fcdamerika. Jens Priewe schreibt in seinem Hanhdbuch Wein: \u201eVon Natur aus ist die Provinz Mendoza eine Trockensteppe. Durch ein kunstvolles Kanalsystem wird das Wasser des Rio Mendoza in die Stadt und auf die landwirtschaftlichen Nutzfl\u00e4chen geleitet.\u201c<\/p>\n\n\n\n<p>In der Provinz&nbsp;<strong>Mendoza<\/strong>&nbsp;liegt auf Anbaufl\u00e4chen von 160.000 Hektar das Zentrum des Weinbaus ganz S\u00fcdamerikas. Und gerade Malbec reift hier zu unverwechselbarer Qualit\u00e4t heran. \u201eEs scheint, als ob eine alte europ\u00e4ische Rebsorte erst hier in der N\u00e4he der Andengipfel ihre wahre Heimat gefunden h\u00e4tte\u201c, schreibt Beat Koelliker in seinem Buch \u201eDie gro\u00dfe Hallwag Weinschule\u201c \u00fcber die Traube, die Aromen von Brombeer, Cassis und Lakritz bietet. Grunds\u00e4tzlich ist Malbec anf\u00e4llig f\u00fcr Krankheiten und Sch\u00e4dlinge. \u201eIn der reinen trockenen Bergluft Argentiniens fallen diese Gefahren aber weg. Hier gelangt sie bei bester Gesundheit zu voller Reife.\u201c<\/p>\n\n\n\n<p><strong>Patagonien&nbsp;<\/strong>schlie\u00dflich ist die s\u00fcdlichste Region Argentiniens, in der Weinbau betrieben wird. Auf etwa 11.500 Hektar reifen die Trauben in den Provinzen R\u00edo Negro, Neuqu\u00e9n und La Pampa heran. Harte Winter und k\u00fchle Sommer f\u00fchren dazu, dass sich die Trauben langsam entwickeln. Sie bringen schlie\u00dflich sch\u00f6ne Kombinationen von S\u00e4ure und S\u00fc\u00dfe sowie eine bemerkenswerte Aromaf\u00fclle mit sich.<\/p>\n\n\n\n<p>All das zeigt: F\u00fcr den Genie\u00dfer lohnt es sich, das Weinland Argentinien zu entdecken und zu erkunden. Die Vielfalt der Rebsorten ist f\u00fcr eine Weinbau-Nation in der sogenannten Neuen Welt bemerkenswert. Sie ist das Ergebnis verschiedener Einwanderungswellen in das Land. Eine sch\u00f6ne \u00dcbersicht der Anbaugebiete Argentiniens bietet diese Karte, die Wines of Argentina Vineblog24 zur Verf\u00fcgung gestellt hat. Verschaffen Sie sich den \u00dcberblick \u2013 zum Beispiel im&nbsp;<a href=\"https:\/\/www.vineshop24.de\/weine-aus-aller-welt\/argentinien\/\" target=\"_blank\" rel=\"noreferrer noopener\">Argentinien-Sortiment von Vineshop24<\/a>&nbsp;\u2013 und finden Sie heraus, was Ihnen besonders schmeckt<\/p>\n\n\n\n<p><\/p>\n\n\n\n<h3 class=\"wp-block-heading\" id=\"Argentinien_Malbec\">Malbec<\/h3>\n\n\n\n<figure class=\"wp-block-image size-large\"><img loading=\"lazy\" decoding=\"async\" width=\"1024\" height=\"514\" src=\"https:\/\/rm-wein.ch\/wp-content\/uploads\/2024\/10\/image-392-1024x514.png\" alt=\"\" class=\"wp-image-1213\" srcset=\"https:\/\/rm-wein.ch\/wp-content\/uploads\/2024\/10\/image-392-1024x514.png 1024w, https:\/\/rm-wein.ch\/wp-content\/uploads\/2024\/10\/image-392-300x150.png 300w, https:\/\/rm-wein.ch\/wp-content\/uploads\/2024\/10\/image-392-768x385.png 768w, https:\/\/rm-wein.ch\/wp-content\/uploads\/2024\/10\/image-392.png 1501w\" sizes=\"auto, (max-width: 1024px) 100vw, 1024px\" \/><\/figure>\n\n\n\n<figure class=\"wp-block-image size-full\"><img loading=\"lazy\" decoding=\"async\" width=\"707\" height=\"890\" src=\"https:\/\/rm-wein.ch\/wp-content\/uploads\/2024\/10\/image-391.png\" alt=\"\" class=\"wp-image-1212\" srcset=\"https:\/\/rm-wein.ch\/wp-content\/uploads\/2024\/10\/image-391.png 707w, https:\/\/rm-wein.ch\/wp-content\/uploads\/2024\/10\/image-391-238x300.png 238w\" sizes=\"auto, (max-width: 707px) 100vw, 707px\" \/><\/figure>\n\n\n\n<figure class=\"wp-block-image size-full\"><img loading=\"lazy\" decoding=\"async\" width=\"322\" height=\"387\" src=\"https:\/\/rm-wein.ch\/wp-content\/uploads\/2024\/10\/image-393.png\" alt=\"\" class=\"wp-image-1214\" srcset=\"https:\/\/rm-wein.ch\/wp-content\/uploads\/2024\/10\/image-393.png 322w, https:\/\/rm-wein.ch\/wp-content\/uploads\/2024\/10\/image-393-250x300.png 250w\" sizes=\"auto, (max-width: 322px) 100vw, 322px\" \/><\/figure>\n\n\n\n<p>Rebsorte: <a href=\"https:\/\/rm-wein.ch\/?page_id=1182\" data-type=\"page\" data-id=\"1182\">Malbec<\/a><\/p>\n","protected":false},"excerpt":{"rendered":"<p>Angebaute Rebsorten: Malbec Das Herz des argentinischen Weinbaus aber schl\u00e4gt unbestritten in Cuyo. In der Sprache der Ureinwohner ist die Cuyo-Region das \u201eLand der W\u00fcsten\u201c. Mit einer Jahresdurchschnitts-temperatur von 15 bis 19 Grad, H\u00f6henlagen zwischen 700 und 1700 Metern, geringem Niederschlag und einer nat\u00fcrlichen Bew\u00e4sserung durch das Schmelzwasser aus den Anden ist hier das Zentrum &#8230; <a title=\"Argentinien\" class=\"read-more\" href=\"https:\/\/rm-wein.ch\/?page_id=923\" aria-label=\"Mehr Informationen \u00fcber Argentinien\">Weiterlesen<\/a><\/p>\n","protected":false},"author":1,"featured_media":0,"parent":223,"menu_order":80,"comment_status":"closed","ping_status":"closed","template":"","meta":{"footnotes":""},"class_list":["post-923","page","type-page","status-publish"],"_links":{"self":[{"href":"https:\/\/rm-wein.ch\/index.php?rest_route=\/wp\/v2\/pages\/923","targetHints":{"allow":["GET"]}}],"collection":[{"href":"https:\/\/rm-wein.ch\/index.php?rest_route=\/wp\/v2\/pages"}],"about":[{"href":"https:\/\/rm-wein.ch\/index.php?rest_route=\/wp\/v2\/types\/page"}],"author":[{"embeddable":true,"href":"https:\/\/rm-wein.ch\/index.php?rest_route=\/wp\/v2\/users\/1"}],"replies":[{"embeddable":true,"href":"https:\/\/rm-wein.ch\/index.php?rest_route=%2Fwp%2Fv2%2Fcomments&post=923"}],"version-history":[{"count":7,"href":"https:\/\/rm-wein.ch\/index.php?rest_route=\/wp\/v2\/pages\/923\/revisions"}],"predecessor-version":[{"id":1616,"href":"https:\/\/rm-wein.ch\/index.php?rest_route=\/wp\/v2\/pages\/923\/revisions\/1616"}],"up":[{"embeddable":true,"href":"https:\/\/rm-wein.ch\/index.php?rest_route=\/wp\/v2\/pages\/223"}],"wp:attachment":[{"href":"https:\/\/rm-wein.ch\/index.php?rest_route=%2Fwp%2Fv2%2Fmedia&parent=923"}],"curies":[{"name":"wp","href":"https:\/\/api.w.org\/{rel}","templated":true}]}}